{"id":5551,"date":"2026-03-03T18:24:12","date_gmt":"2026-03-03T18:24:12","guid":{"rendered":"https:\/\/agavestyle.mx\/?post_type=product&#038;p=5551"},"modified":"2026-03-03T18:48:59","modified_gmt":"2026-03-03T18:48:59","slug":"cerveza-artesanal-naipe-bottled-luck","status":"publish","type":"product","link":"https:\/\/agave.impacta.marketing\/en\/product\/cerveza-artesanal-naipe-bottled-luck\/","title":{"rendered":"Cerveza Artesanal Naipe Bottled Luck"},"content":{"rendered":"<p>Cerveza estilo Pale Ale elaborada con l\u00fapulos<br \/>\namericanos seleccionados.<br \/>\nDe color verde brillante, sorprende a la vista<br \/>\ncon un car\u00e1cter distintivo y moderno.<br \/>\nEn nariz se expresan aromas c\u00edtricos vibrantes,<br \/>\nacompa\u00f1ados de notas herbales que evocan<br \/>\nmenta fresca.<br \/>\nEn boca presenta cuerpo medio y textura<br \/>\nequilibrada, con un perfil refrescante que<br \/>\nresalta la vivacidad de los l\u00fapulos.<br \/>\nEl retrogusto deja una sensaci\u00f3n ligera y<br \/>\nfresca, aportando un final agradable y<br \/>\npersistente.<\/p>\n<p>5.0% Alc. Vol. 20 IBUS<\/p>","protected":false},"excerpt":{"rendered":"<p>Cerveza estilo Pale Ale elaborada con l\u00fapulos americanos seleccionados. De color verde brillante, sorprende a la vista con un car\u00e1cter distintivo y moderno. En nariz se expresan aromas c\u00edtricos vibrantes, acompa\u00f1ados de notas herbales que evocan menta fresca. En boca presenta cuerpo medio y textura equilibrada, con un perfil refrescante que resalta la vivacidad de [&hellip;]<\/p>\n","protected":false},"featured_media":5552,"comment_status":"open","ping_status":"closed","template":"","meta":[],"product_brand":[],"product_cat":[26],"product_tag":[],"class_list":{"0":"post-5551","1":"product","2":"type-product","3":"status-publish","4":"has-post-thumbnail","6":"product_cat-cerveza-artesanal","8":"first","9":"instock","10":"shipping-taxable","11":"purchasable","12":"product-type-simple"},"yoast_head":"<!-- This site is optimized with the Yoast SEO plugin v27.1.1 - https:\/\/yoast.com\/product\/yoast-seo-wordpress\/ -->\n<title>Cerveza Artesanal Naipe Bottled Luck - Agave Style<\/title>\n<meta name=\"robots\" content=\"noindex, follow, max-snippet:-1, max-image-preview:large, max-video-preview:-1\" \/>\n<meta property=\"og:locale\" content=\"en_US\" \/>\n<meta property=\"og:type\" content=\"article\" \/>\n<meta property=\"og:title\" content=\"Cerveza Artesanal Naipe Bottled Luck - Agave Style\" \/>\n<meta property=\"og:description\" content=\"Cerveza estilo Pale Ale elaborada con l\u00fapulos americanos seleccionados. De color verde brillante, sorprende a la vista con un car\u00e1cter distintivo y moderno. En nariz se expresan aromas c\u00edtricos vibrantes, acompa\u00f1ados de notas herbales que evocan menta fresca. En boca presenta cuerpo medio y textura equilibrada, con un perfil refrescante que resalta la vivacidad de [&hellip;]\" \/>\n<meta property=\"og:url\" content=\"https:\/\/agave.impacta.marketing\/en\/product\/cerveza-artesanal-naipe-bottled-luck\/\" \/>\n<meta property=\"og:site_name\" content=\"Agave Style\" \/>\n<meta property=\"article:publisher\" content=\"https:\/\/www.facebook.com\/styleagave\" \/>\n<meta property=\"article:modified_time\" content=\"2026-03-03T18:48:59+00:00\" \/>\n<meta property=\"og:image\" content=\"https:\/\/agave.impacta.marketing\/wp-content\/uploads\/2026\/03\/SAN-PATRICIO-1-scaled.webp\" \/>\n\t<meta property=\"og:image:width\" content=\"2560\" \/>\n\t<meta property=\"og:image:height\" content=\"2560\" \/>\n\t<meta property=\"og:image:type\" content=\"image\/webp\" \/>\n<meta name=\"twitter:card\" content=\"summary_large_image\" \/>\n<meta name=\"twitter:label1\" content=\"Est. reading time\" \/>\n\t<meta name=\"twitter:data1\" content=\"1 minute\" \/>\n<script type=\"application\/ld+json\" class=\"yoast-schema-graph\">{\"@context\":\"https:\/\/schema.org\",\"@graph\":[{\"@type\":\"WebPage\",\"@id\":\"https:\/\/agave.impacta.marketing\/producto\/cerveza-artesanal-naipe-bottled-luck\/\",\"url\":\"https:\/\/agave.impacta.marketing\/producto\/cerveza-artesanal-naipe-bottled-luck\/\",\"name\":\"Cerveza Artesanal Naipe Bottled Luck - Agave Style\",\"isPartOf\":{\"@id\":\"https:\/\/agave.impacta.marketing\/#website\"},\"primaryImageOfPage\":{\"@id\":\"https:\/\/agave.impacta.marketing\/producto\/cerveza-artesanal-naipe-bottled-luck\/#primaryimage\"},\"image\":{\"@id\":\"https:\/\/agave.impacta.marketing\/producto\/cerveza-artesanal-naipe-bottled-luck\/#primaryimage\"},\"thumbnailUrl\":\"https:\/\/agave.impacta.marketing\/wp-content\/uploads\/2026\/03\/SAN-PATRICIO-1-scaled.webp\",\"datePublished\":\"2026-03-03T18:24:12+00:00\",\"dateModified\":\"2026-03-03T18:48:59+00:00\",\"breadcrumb\":{\"@id\":\"https:\/\/agave.impacta.marketing\/producto\/cerveza-artesanal-naipe-bottled-luck\/#breadcrumb\"},\"inLanguage\":\"en-US\",\"potentialAction\":[{\"@type\":\"ReadAction\",\"target\":[\"https:\/\/agave.impacta.marketing\/producto\/cerveza-artesanal-naipe-bottled-luck\/\"]}]},{\"@type\":\"ImageObject\",\"inLanguage\":\"en-US\",\"@id\":\"https:\/\/agave.impacta.marketing\/producto\/cerveza-artesanal-naipe-bottled-luck\/#primaryimage\",\"url\":\"https:\/\/agave.impacta.marketing\/wp-content\/uploads\/2026\/03\/SAN-PATRICIO-1-scaled.webp\",\"contentUrl\":\"https:\/\/agave.impacta.marketing\/wp-content\/uploads\/2026\/03\/SAN-PATRICIO-1-scaled.webp\",\"width\":2560,\"height\":2560},{\"@type\":\"BreadcrumbList\",\"@id\":\"https:\/\/agave.impacta.marketing\/producto\/cerveza-artesanal-naipe-bottled-luck\/#breadcrumb\",\"itemListElement\":[{\"@type\":\"ListItem\",\"position\":1,\"name\":\"Portada\",\"item\":\"https:\/\/agave.impacta.marketing\/\"},{\"@type\":\"ListItem\",\"position\":2,\"name\":\"Tienda\",\"item\":\"https:\/\/agave.impacta.marketing\/tienda\/\"},{\"@type\":\"ListItem\",\"position\":3,\"name\":\"Cerveza Artesanal Naipe Bottled Luck\"}]},{\"@type\":\"WebSite\",\"@id\":\"https:\/\/agave.impacta.marketing\/#website\",\"url\":\"https:\/\/agave.impacta.marketing\/\",\"name\":\"Agave Style\",\"description\":\"\",\"publisher\":{\"@id\":\"https:\/\/agave.impacta.marketing\/#organization\"},\"potentialAction\":[{\"@type\":\"SearchAction\",\"target\":{\"@type\":\"EntryPoint\",\"urlTemplate\":\"https:\/\/agave.impacta.marketing\/?s={search_term_string}\"},\"query-input\":{\"@type\":\"PropertyValueSpecification\",\"valueRequired\":true,\"valueName\":\"search_term_string\"}}],\"inLanguage\":\"en-US\"},{\"@type\":\"Organization\",\"@id\":\"https:\/\/agave.impacta.marketing\/#organization\",\"name\":\"Agave Style\",\"url\":\"https:\/\/agave.impacta.marketing\/\",\"logo\":{\"@type\":\"ImageObject\",\"inLanguage\":\"en-US\",\"@id\":\"https:\/\/agave.impacta.marketing\/#\/schema\/logo\/image\/\",\"url\":\"https:\/\/agave.impacta.marketing\/wp-content\/uploads\/2024\/11\/Grupo-74@2x.png\",\"contentUrl\":\"https:\/\/agave.impacta.marketing\/wp-content\/uploads\/2024\/11\/Grupo-74@2x.png\",\"width\":861,\"height\":540,\"caption\":\"Agave Style\"},\"image\":{\"@id\":\"https:\/\/agave.impacta.marketing\/#\/schema\/logo\/image\/\"},\"sameAs\":[\"https:\/\/www.facebook.com\/styleagave\",\"https:\/\/www.instagram.com\/agavestyle.mx\/?hl=es\"]}]}<\/script>\n<!-- \/ Yoast SEO plugin. -->","yoast_head_json":{"title":"Cerveza Artesanal Naipe Bottled Luck - Agave Style","robots":{"index":"noindex","follow":"follow","max-snippet":"max-snippet:-1","max-image-preview":"max-image-preview:large","max-video-preview":"max-video-preview:-1"},"og_locale":"en_US","og_type":"article","og_title":"Cerveza Artesanal Naipe Bottled Luck - Agave Style","og_description":"Cerveza estilo Pale Ale elaborada con l\u00fapulos americanos seleccionados. De color verde brillante, sorprende a la vista con un car\u00e1cter distintivo y moderno. En nariz se expresan aromas c\u00edtricos vibrantes, acompa\u00f1ados de notas herbales que evocan menta fresca. En boca presenta cuerpo medio y textura equilibrada, con un perfil refrescante que resalta la vivacidad de [&hellip;]","og_url":"https:\/\/agave.impacta.marketing\/en\/product\/cerveza-artesanal-naipe-bottled-luck\/","og_site_name":"Agave Style","article_publisher":"https:\/\/www.facebook.com\/styleagave","article_modified_time":"2026-03-03T18:48:59+00:00","og_image":[{"width":2560,"height":2560,"url":"https:\/\/agave.impacta.marketing\/wp-content\/uploads\/2026\/03\/SAN-PATRICIO-1-scaled.webp","type":"image\/webp"}],"twitter_card":"summary_large_image","twitter_misc":{"Est. reading time":"1 minute"},"schema":{"@context":"https:\/\/schema.org","@graph":[{"@type":"WebPage","@id":"https:\/\/agave.impacta.marketing\/producto\/cerveza-artesanal-naipe-bottled-luck\/","url":"https:\/\/agave.impacta.marketing\/producto\/cerveza-artesanal-naipe-bottled-luck\/","name":"Cerveza Artesanal Naipe Bottled Luck - Agave Style","isPartOf":{"@id":"https:\/\/agave.impacta.marketing\/#website"},"primaryImageOfPage":{"@id":"https:\/\/agave.impacta.marketing\/producto\/cerveza-artesanal-naipe-bottled-luck\/#primaryimage"},"image":{"@id":"https:\/\/agave.impacta.marketing\/producto\/cerveza-artesanal-naipe-bottled-luck\/#primaryimage"},"thumbnailUrl":"https:\/\/agave.impacta.marketing\/wp-content\/uploads\/2026\/03\/SAN-PATRICIO-1-scaled.webp","datePublished":"2026-03-03T18:24:12+00:00","dateModified":"2026-03-03T18:48:59+00:00","breadcrumb":{"@id":"https:\/\/agave.impacta.marketing\/producto\/cerveza-artesanal-naipe-bottled-luck\/#breadcrumb"},"inLanguage":"en-US","potentialAction":[{"@type":"ReadAction","target":["https:\/\/agave.impacta.marketing\/producto\/cerveza-artesanal-naipe-bottled-luck\/"]}]},{"@type":"ImageObject","inLanguage":"en-US","@id":"https:\/\/agave.impacta.marketing\/producto\/cerveza-artesanal-naipe-bottled-luck\/#primaryimage","url":"https:\/\/agave.impacta.marketing\/wp-content\/uploads\/2026\/03\/SAN-PATRICIO-1-scaled.webp","contentUrl":"https:\/\/agave.impacta.marketing\/wp-content\/uploads\/2026\/03\/SAN-PATRICIO-1-scaled.webp","width":2560,"height":2560},{"@type":"BreadcrumbList","@id":"https:\/\/agave.impacta.marketing\/producto\/cerveza-artesanal-naipe-bottled-luck\/#breadcrumb","itemListElement":[{"@type":"ListItem","position":1,"name":"Portada","item":"https:\/\/agave.impacta.marketing\/"},{"@type":"ListItem","position":2,"name":"Tienda","item":"https:\/\/agave.impacta.marketing\/tienda\/"},{"@type":"ListItem","position":3,"name":"Cerveza Artesanal Naipe Bottled Luck"}]},{"@type":"WebSite","@id":"https:\/\/agave.impacta.marketing\/#website","url":"https:\/\/agave.impacta.marketing\/","name":"Agave Style","description":"","publisher":{"@id":"https:\/\/agave.impacta.marketing\/#organization"},"potentialAction":[{"@type":"SearchAction","target":{"@type":"EntryPoint","urlTemplate":"https:\/\/agave.impacta.marketing\/?s={search_term_string}"},"query-input":{"@type":"PropertyValueSpecification","valueRequired":true,"valueName":"search_term_string"}}],"inLanguage":"en-US"},{"@type":"Organization","@id":"https:\/\/agave.impacta.marketing\/#organization","name":"Agave Style","url":"https:\/\/agave.impacta.marketing\/","logo":{"@type":"ImageObject","inLanguage":"en-US","@id":"https:\/\/agave.impacta.marketing\/#\/schema\/logo\/image\/","url":"https:\/\/agave.impacta.marketing\/wp-content\/uploads\/2024\/11\/Grupo-74@2x.png","contentUrl":"https:\/\/agave.impacta.marketing\/wp-content\/uploads\/2024\/11\/Grupo-74@2x.png","width":861,"height":540,"caption":"Agave Style"},"image":{"@id":"https:\/\/agave.impacta.marketing\/#\/schema\/logo\/image\/"},"sameAs":["https:\/\/www.facebook.com\/styleagave","https:\/\/www.instagram.com\/agavestyle.mx\/?hl=es"]}]}},"_links":{"self":[{"href":"https:\/\/agave.impacta.marketing\/en\/wp-json\/wp\/v2\/product\/5551","targetHints":{"allow":["GET"]}}],"collection":[{"href":"https:\/\/agave.impacta.marketing\/en\/wp-json\/wp\/v2\/product"}],"about":[{"href":"https:\/\/agave.impacta.marketing\/en\/wp-json\/wp\/v2\/types\/product"}],"replies":[{"embeddable":true,"href":"https:\/\/agave.impacta.marketing\/en\/wp-json\/wp\/v2\/comments?post=5551"}],"version-history":[{"count":1,"href":"https:\/\/agave.impacta.marketing\/en\/wp-json\/wp\/v2\/product\/5551\/revisions"}],"predecessor-version":[{"id":5553,"href":"https:\/\/agave.impacta.marketing\/en\/wp-json\/wp\/v2\/product\/5551\/revisions\/5553"}],"wp:featuredmedia":[{"embeddable":true,"href":"https:\/\/agave.impacta.marketing\/en\/wp-json\/wp\/v2\/media\/5552"}],"wp:attachment":[{"href":"https:\/\/agave.impacta.marketing\/en\/wp-json\/wp\/v2\/media?parent=5551"}],"wp:term":[{"taxonomy":"product_brand","embeddable":true,"href":"https:\/\/agave.impacta.marketing\/en\/wp-json\/wp\/v2\/product_brand?post=5551"},{"taxonomy":"product_cat","embeddable":true,"href":"https:\/\/agave.impacta.marketing\/en\/wp-json\/wp\/v2\/product_cat?post=5551"},{"taxonomy":"product_tag","embeddable":true,"href":"https:\/\/agave.impacta.marketing\/en\/wp-json\/wp\/v2\/product_tag?post=5551"}],"curies":[{"name":"wp","href":"https:\/\/api.w.org\/{rel}","templated":true}]}}