{"id":3951,"date":"2025-12-08T21:31:18","date_gmt":"2025-12-08T21:31:18","guid":{"rendered":"https:\/\/agavestyle.mx\/?post_type=product&#038;p=3951"},"modified":"2026-03-02T23:31:58","modified_gmt":"2026-03-02T23:31:58","slug":"cerveza-artesanal-naipe-corazon","status":"publish","type":"product","link":"https:\/\/agave.impacta.marketing\/en\/product\/cerveza-artesanal-naipe-corazon\/","title":{"rendered":"Cerveza Artesanal Naipe Coraz\u00f3n"},"content":{"rendered":"<p>Enjoy authentic craft beer with this 24-bottle pack (355 ml each) of Naipe Coraz\u00f3n Irish Red Ale. Crafted artisanally by Naipe Brewery in Mexico, this beer has been awarded multiple prizes for its excellent quality.<br \/>\nMedalla de Oro 2016, Medalla de Bronce 2017, Medalla de Oro 2024<\/p>\n<p>Food Pairing<br \/>\n-Resalta sabores caramelizados y tostados<br \/>\n-Carnes al horno, Costillas BBQ y Quesos maduros<\/p>","protected":false},"excerpt":{"rendered":"<p>Disfruta de la aut\u00e9ntica cerveza artesanal con este pack de 24 botellas de 355 ml de la cerveza Naipe Coraz\u00f3n Irish Red Ale. laborada de forma artesanal por la cervecer\u00eda Naipe en M\u00e9xico, esta cerveza ha sido galardonada con varios premios por su excelente calidad. Medalla de Oro 2016, Medalla de Bronce 2017, Medalla de [&hellip;]<\/p>\n","protected":false},"featured_media":5549,"comment_status":"open","ping_status":"closed","template":"","meta":[],"product_brand":[],"product_cat":[26],"product_tag":[],"class_list":{"0":"post-3951","1":"product","2":"type-product","3":"status-publish","4":"has-post-thumbnail","6":"product_cat-cerveza-artesanal","8":"first","9":"instock","10":"shipping-taxable","11":"purchasable","12":"product-type-simple"},"yoast_head":"<!-- This site is optimized with the Yoast SEO plugin v27.1.1 - https:\/\/yoast.com\/product\/yoast-seo-wordpress\/ -->\n<title>Cerveza Artesanal Naipe Coraz\u00f3n - Agave Style<\/title>\n<meta name=\"robots\" content=\"noindex, follow, max-snippet:-1, max-image-preview:large, max-video-preview:-1\" \/>\n<meta property=\"og:locale\" content=\"en_US\" \/>\n<meta property=\"og:type\" content=\"article\" \/>\n<meta property=\"og:title\" content=\"Cerveza Artesanal Naipe Coraz\u00f3n - Agave Style\" \/>\n<meta property=\"og:description\" content=\"Disfruta de la aut\u00e9ntica cerveza artesanal con este pack de 24 botellas de 355 ml de la cerveza Naipe Coraz\u00f3n Irish Red Ale. laborada de forma artesanal por la cervecer\u00eda Naipe en M\u00e9xico, esta cerveza ha sido galardonada con varios premios por su excelente calidad. Medalla de Oro 2016, Medalla de Bronce 2017, Medalla de [&hellip;]\" \/>\n<meta property=\"og:url\" content=\"https:\/\/agave.impacta.marketing\/en\/product\/cerveza-artesanal-naipe-corazon\/\" \/>\n<meta property=\"og:site_name\" content=\"Agave Style\" \/>\n<meta property=\"article:publisher\" content=\"https:\/\/www.facebook.com\/styleagave\" \/>\n<meta property=\"article:modified_time\" content=\"2026-03-02T23:31:58+00:00\" \/>\n<meta property=\"og:image\" content=\"https:\/\/agave.impacta.marketing\/wp-content\/uploads\/2025\/12\/combos2x1naipe-03.webp\" \/>\n\t<meta property=\"og:image:width\" content=\"512\" \/>\n\t<meta property=\"og:image:height\" content=\"512\" \/>\n\t<meta property=\"og:image:type\" content=\"image\/webp\" \/>\n<meta name=\"twitter:card\" content=\"summary_large_image\" \/>\n<meta name=\"twitter:label1\" content=\"Est. reading time\" \/>\n\t<meta name=\"twitter:data1\" content=\"1 minute\" \/>\n<script type=\"application\/ld+json\" class=\"yoast-schema-graph\">{\"@context\":\"https:\/\/schema.org\",\"@graph\":[{\"@type\":\"WebPage\",\"@id\":\"https:\/\/agave.impacta.marketing\/producto\/cerveza-artesanal-naipe-corazon\/\",\"url\":\"https:\/\/agave.impacta.marketing\/producto\/cerveza-artesanal-naipe-corazon\/\",\"name\":\"Cerveza Artesanal Naipe Coraz\u00f3n - Agave Style\",\"isPartOf\":{\"@id\":\"https:\/\/agave.impacta.marketing\/#website\"},\"primaryImageOfPage\":{\"@id\":\"https:\/\/agave.impacta.marketing\/producto\/cerveza-artesanal-naipe-corazon\/#primaryimage\"},\"image\":{\"@id\":\"https:\/\/agave.impacta.marketing\/producto\/cerveza-artesanal-naipe-corazon\/#primaryimage\"},\"thumbnailUrl\":\"https:\/\/agave.impacta.marketing\/wp-content\/uploads\/2025\/12\/combos2x1naipe-03.webp\",\"datePublished\":\"2025-12-08T21:31:18+00:00\",\"dateModified\":\"2026-03-02T23:31:58+00:00\",\"breadcrumb\":{\"@id\":\"https:\/\/agave.impacta.marketing\/producto\/cerveza-artesanal-naipe-corazon\/#breadcrumb\"},\"inLanguage\":\"en-US\",\"potentialAction\":[{\"@type\":\"ReadAction\",\"target\":[\"https:\/\/agave.impacta.marketing\/producto\/cerveza-artesanal-naipe-corazon\/\"]}]},{\"@type\":\"ImageObject\",\"inLanguage\":\"en-US\",\"@id\":\"https:\/\/agave.impacta.marketing\/producto\/cerveza-artesanal-naipe-corazon\/#primaryimage\",\"url\":\"https:\/\/agave.impacta.marketing\/wp-content\/uploads\/2025\/12\/combos2x1naipe-03.webp\",\"contentUrl\":\"https:\/\/agave.impacta.marketing\/wp-content\/uploads\/2025\/12\/combos2x1naipe-03.webp\",\"width\":512,\"height\":512},{\"@type\":\"BreadcrumbList\",\"@id\":\"https:\/\/agave.impacta.marketing\/producto\/cerveza-artesanal-naipe-corazon\/#breadcrumb\",\"itemListElement\":[{\"@type\":\"ListItem\",\"position\":1,\"name\":\"Portada\",\"item\":\"https:\/\/agave.impacta.marketing\/\"},{\"@type\":\"ListItem\",\"position\":2,\"name\":\"Tienda\",\"item\":\"https:\/\/agave.impacta.marketing\/tienda\/\"},{\"@type\":\"ListItem\",\"position\":3,\"name\":\"Cerveza Artesanal Naipe Coraz\u00f3n\"}]},{\"@type\":\"WebSite\",\"@id\":\"https:\/\/agave.impacta.marketing\/#website\",\"url\":\"https:\/\/agave.impacta.marketing\/\",\"name\":\"Agave Style\",\"description\":\"\",\"publisher\":{\"@id\":\"https:\/\/agave.impacta.marketing\/#organization\"},\"potentialAction\":[{\"@type\":\"SearchAction\",\"target\":{\"@type\":\"EntryPoint\",\"urlTemplate\":\"https:\/\/agave.impacta.marketing\/?s={search_term_string}\"},\"query-input\":{\"@type\":\"PropertyValueSpecification\",\"valueRequired\":true,\"valueName\":\"search_term_string\"}}],\"inLanguage\":\"en-US\"},{\"@type\":\"Organization\",\"@id\":\"https:\/\/agave.impacta.marketing\/#organization\",\"name\":\"Agave Style\",\"url\":\"https:\/\/agave.impacta.marketing\/\",\"logo\":{\"@type\":\"ImageObject\",\"inLanguage\":\"en-US\",\"@id\":\"https:\/\/agave.impacta.marketing\/#\/schema\/logo\/image\/\",\"url\":\"https:\/\/agave.impacta.marketing\/wp-content\/uploads\/2024\/11\/Grupo-74@2x.png\",\"contentUrl\":\"https:\/\/agave.impacta.marketing\/wp-content\/uploads\/2024\/11\/Grupo-74@2x.png\",\"width\":861,\"height\":540,\"caption\":\"Agave Style\"},\"image\":{\"@id\":\"https:\/\/agave.impacta.marketing\/#\/schema\/logo\/image\/\"},\"sameAs\":[\"https:\/\/www.facebook.com\/styleagave\",\"https:\/\/www.instagram.com\/agavestyle.mx\/?hl=es\"]}]}<\/script>\n<!-- \/ Yoast SEO plugin. -->","yoast_head_json":{"title":"Cerveza Artesanal Naipe Coraz\u00f3n - Agave Style","robots":{"index":"noindex","follow":"follow","max-snippet":"max-snippet:-1","max-image-preview":"max-image-preview:large","max-video-preview":"max-video-preview:-1"},"og_locale":"en_US","og_type":"article","og_title":"Cerveza Artesanal Naipe Coraz\u00f3n - Agave Style","og_description":"Disfruta de la aut\u00e9ntica cerveza artesanal con este pack de 24 botellas de 355 ml de la cerveza Naipe Coraz\u00f3n Irish Red Ale. laborada de forma artesanal por la cervecer\u00eda Naipe en M\u00e9xico, esta cerveza ha sido galardonada con varios premios por su excelente calidad. Medalla de Oro 2016, Medalla de Bronce 2017, Medalla de [&hellip;]","og_url":"https:\/\/agave.impacta.marketing\/en\/product\/cerveza-artesanal-naipe-corazon\/","og_site_name":"Agave Style","article_publisher":"https:\/\/www.facebook.com\/styleagave","article_modified_time":"2026-03-02T23:31:58+00:00","og_image":[{"width":512,"height":512,"url":"https:\/\/agave.impacta.marketing\/wp-content\/uploads\/2025\/12\/combos2x1naipe-03.webp","type":"image\/webp"}],"twitter_card":"summary_large_image","twitter_misc":{"Est. reading time":"1 minute"},"schema":{"@context":"https:\/\/schema.org","@graph":[{"@type":"WebPage","@id":"https:\/\/agave.impacta.marketing\/producto\/cerveza-artesanal-naipe-corazon\/","url":"https:\/\/agave.impacta.marketing\/producto\/cerveza-artesanal-naipe-corazon\/","name":"Cerveza Artesanal Naipe Coraz\u00f3n - Agave Style","isPartOf":{"@id":"https:\/\/agave.impacta.marketing\/#website"},"primaryImageOfPage":{"@id":"https:\/\/agave.impacta.marketing\/producto\/cerveza-artesanal-naipe-corazon\/#primaryimage"},"image":{"@id":"https:\/\/agave.impacta.marketing\/producto\/cerveza-artesanal-naipe-corazon\/#primaryimage"},"thumbnailUrl":"https:\/\/agave.impacta.marketing\/wp-content\/uploads\/2025\/12\/combos2x1naipe-03.webp","datePublished":"2025-12-08T21:31:18+00:00","dateModified":"2026-03-02T23:31:58+00:00","breadcrumb":{"@id":"https:\/\/agave.impacta.marketing\/producto\/cerveza-artesanal-naipe-corazon\/#breadcrumb"},"inLanguage":"en-US","potentialAction":[{"@type":"ReadAction","target":["https:\/\/agave.impacta.marketing\/producto\/cerveza-artesanal-naipe-corazon\/"]}]},{"@type":"ImageObject","inLanguage":"en-US","@id":"https:\/\/agave.impacta.marketing\/producto\/cerveza-artesanal-naipe-corazon\/#primaryimage","url":"https:\/\/agave.impacta.marketing\/wp-content\/uploads\/2025\/12\/combos2x1naipe-03.webp","contentUrl":"https:\/\/agave.impacta.marketing\/wp-content\/uploads\/2025\/12\/combos2x1naipe-03.webp","width":512,"height":512},{"@type":"BreadcrumbList","@id":"https:\/\/agave.impacta.marketing\/producto\/cerveza-artesanal-naipe-corazon\/#breadcrumb","itemListElement":[{"@type":"ListItem","position":1,"name":"Portada","item":"https:\/\/agave.impacta.marketing\/"},{"@type":"ListItem","position":2,"name":"Tienda","item":"https:\/\/agave.impacta.marketing\/tienda\/"},{"@type":"ListItem","position":3,"name":"Cerveza Artesanal Naipe Coraz\u00f3n"}]},{"@type":"WebSite","@id":"https:\/\/agave.impacta.marketing\/#website","url":"https:\/\/agave.impacta.marketing\/","name":"Agave Style","description":"","publisher":{"@id":"https:\/\/agave.impacta.marketing\/#organization"},"potentialAction":[{"@type":"SearchAction","target":{"@type":"EntryPoint","urlTemplate":"https:\/\/agave.impacta.marketing\/?s={search_term_string}"},"query-input":{"@type":"PropertyValueSpecification","valueRequired":true,"valueName":"search_term_string"}}],"inLanguage":"en-US"},{"@type":"Organization","@id":"https:\/\/agave.impacta.marketing\/#organization","name":"Agave Style","url":"https:\/\/agave.impacta.marketing\/","logo":{"@type":"ImageObject","inLanguage":"en-US","@id":"https:\/\/agave.impacta.marketing\/#\/schema\/logo\/image\/","url":"https:\/\/agave.impacta.marketing\/wp-content\/uploads\/2024\/11\/Grupo-74@2x.png","contentUrl":"https:\/\/agave.impacta.marketing\/wp-content\/uploads\/2024\/11\/Grupo-74@2x.png","width":861,"height":540,"caption":"Agave Style"},"image":{"@id":"https:\/\/agave.impacta.marketing\/#\/schema\/logo\/image\/"},"sameAs":["https:\/\/www.facebook.com\/styleagave","https:\/\/www.instagram.com\/agavestyle.mx\/?hl=es"]}]}},"_links":{"self":[{"href":"https:\/\/agave.impacta.marketing\/en\/wp-json\/wp\/v2\/product\/3951","targetHints":{"allow":["GET"]}}],"collection":[{"href":"https:\/\/agave.impacta.marketing\/en\/wp-json\/wp\/v2\/product"}],"about":[{"href":"https:\/\/agave.impacta.marketing\/en\/wp-json\/wp\/v2\/types\/product"}],"replies":[{"embeddable":true,"href":"https:\/\/agave.impacta.marketing\/en\/wp-json\/wp\/v2\/comments?post=3951"}],"version-history":[{"count":3,"href":"https:\/\/agave.impacta.marketing\/en\/wp-json\/wp\/v2\/product\/3951\/revisions"}],"predecessor-version":[{"id":4202,"href":"https:\/\/agave.impacta.marketing\/en\/wp-json\/wp\/v2\/product\/3951\/revisions\/4202"}],"wp:featuredmedia":[{"embeddable":true,"href":"https:\/\/agave.impacta.marketing\/en\/wp-json\/wp\/v2\/media\/5549"}],"wp:attachment":[{"href":"https:\/\/agave.impacta.marketing\/en\/wp-json\/wp\/v2\/media?parent=3951"}],"wp:term":[{"taxonomy":"product_brand","embeddable":true,"href":"https:\/\/agave.impacta.marketing\/en\/wp-json\/wp\/v2\/product_brand?post=3951"},{"taxonomy":"product_cat","embeddable":true,"href":"https:\/\/agave.impacta.marketing\/en\/wp-json\/wp\/v2\/product_cat?post=3951"},{"taxonomy":"product_tag","embeddable":true,"href":"https:\/\/agave.impacta.marketing\/en\/wp-json\/wp\/v2\/product_tag?post=3951"}],"curies":[{"name":"wp","href":"https:\/\/api.w.org\/{rel}","templated":true}]}}