{"id":331,"date":"2024-12-11T01:32:02","date_gmt":"2024-12-11T01:32:02","guid":{"rendered":"https:\/\/agavestyle.mx\/?post_type=product&#038;p=331"},"modified":"2026-03-04T00:10:45","modified_gmt":"2026-03-04T00:10:45","slug":"espadin-etiqueta-azul","status":"publish","type":"product","link":"https:\/\/agave.impacta.marketing\/en\/product\/espadin-etiqueta-azul\/","title":{"rendered":"Mezcal Artesanal Sierpe Negra Espad\u00edn, Etiqueta Azul 40%"},"content":{"rendered":"<p>Promocion<br \/>\nCompra de botella etiqueta azul y premium de Sierpe regalo 2 jicaras + sal de gusano<\/p>\n<p>In Sight<br \/>\n&#8211; Cristalino, Brillante con Matices Plateados.<\/p>\n<p>On the Nose<br \/>\nAgave Cocido, Hierba fresca con toque de hierbabuena y quelite. Guayaba, Pl\u00e1tano, Lim\u00f3n, Mineralidad Media de piedra caliza. Ahumado Medio- Bajo, Recuerda al Horno con le\u00f1a de Mezquite.<\/p>\n<p>On the Palate<br \/>\n&#8211; En Boca se consiente frescura, tono afrutado, notas de hierbabuena, tierra h\u00fameda y ma\u00edz tierno.<\/p>","protected":false},"excerpt":{"rendered":"<p>Promocion Compra de botella etiqueta azul y premium de Sierpe regalo 2 jicaras + sal de gusano A la Vista &#8211; Cristalino, Brillante con Matices Plateados. Al Olfato Agave Cocido, Hierba fresca con toque de hierbabuena y quelite. Guayaba, Pl\u00e1tano, Lim\u00f3n, Mineralidad Media de piedra caliza. Ahumado Medio- Bajo, Recuerda al Horno con le\u00f1a de [&hellip;]<\/p>\n","protected":false},"featured_media":5559,"comment_status":"open","ping_status":"closed","template":"","meta":[],"product_brand":[],"product_cat":[56],"product_tag":[45],"class_list":{"0":"post-331","1":"product","2":"type-product","3":"status-publish","4":"has-post-thumbnail","6":"product_cat-sierpe-negra-mezcal","7":"product_tag-sierpe-negra","8":"pa_grados-de-alcohol-50","9":"pa_marca-sierpe-negra","10":"pa_ml-l-750-ml","12":"first","13":"instock","14":"shipping-taxable","15":"purchasable","16":"product-type-simple"},"yoast_head":"<!-- This site is optimized with the Yoast SEO plugin v27.1.1 - https:\/\/yoast.com\/product\/yoast-seo-wordpress\/ -->\n<title>Mezcal Artesanal Sierpe Negra Espad\u00edn, Etiqueta Azul 40% - Agave Style<\/title>\n<meta name=\"robots\" content=\"noindex, follow, max-snippet:-1, max-image-preview:large, max-video-preview:-1\" \/>\n<meta property=\"og:locale\" content=\"en_US\" \/>\n<meta property=\"og:type\" content=\"article\" \/>\n<meta property=\"og:title\" content=\"Mezcal Artesanal Sierpe Negra Espad\u00edn, Etiqueta Azul 40% - Agave Style\" \/>\n<meta property=\"og:description\" content=\"Promocion Compra de botella etiqueta azul y premium de Sierpe regalo 2 jicaras + sal de gusano A la Vista &#8211; Cristalino, Brillante con Matices Plateados. Al Olfato Agave Cocido, Hierba fresca con toque de hierbabuena y quelite. Guayaba, Pl\u00e1tano, Lim\u00f3n, Mineralidad Media de piedra caliza. Ahumado Medio- Bajo, Recuerda al Horno con le\u00f1a de [&hellip;]\" \/>\n<meta property=\"og:url\" content=\"https:\/\/agave.impacta.marketing\/en\/product\/espadin-etiqueta-azul\/\" \/>\n<meta property=\"og:site_name\" content=\"Agave Style\" \/>\n<meta property=\"article:publisher\" content=\"https:\/\/www.facebook.com\/styleagave\" \/>\n<meta property=\"article:modified_time\" content=\"2026-03-04T00:10:45+00:00\" \/>\n<meta property=\"og:image\" content=\"https:\/\/agave.impacta.marketing\/wp-content\/uploads\/2024\/12\/combos2x1Sierpe-04.webp\" \/>\n\t<meta property=\"og:image:width\" content=\"512\" \/>\n\t<meta property=\"og:image:height\" content=\"512\" \/>\n\t<meta property=\"og:image:type\" content=\"image\/webp\" \/>\n<meta name=\"twitter:card\" content=\"summary_large_image\" \/>\n<meta name=\"twitter:label1\" content=\"Est. reading time\" \/>\n\t<meta name=\"twitter:data1\" content=\"1 minute\" \/>\n<script type=\"application\/ld+json\" class=\"yoast-schema-graph\">{\"@context\":\"https:\/\/schema.org\",\"@graph\":[{\"@type\":\"WebPage\",\"@id\":\"https:\/\/agave.impacta.marketing\/producto\/espadin-etiqueta-azul\/\",\"url\":\"https:\/\/agave.impacta.marketing\/producto\/espadin-etiqueta-azul\/\",\"name\":\"Mezcal Artesanal Sierpe Negra Espad\u00edn, Etiqueta Azul 40% - Agave Style\",\"isPartOf\":{\"@id\":\"https:\/\/agave.impacta.marketing\/#website\"},\"primaryImageOfPage\":{\"@id\":\"https:\/\/agave.impacta.marketing\/producto\/espadin-etiqueta-azul\/#primaryimage\"},\"image\":{\"@id\":\"https:\/\/agave.impacta.marketing\/producto\/espadin-etiqueta-azul\/#primaryimage\"},\"thumbnailUrl\":\"https:\/\/agave.impacta.marketing\/wp-content\/uploads\/2024\/12\/combos2x1Sierpe-04.webp\",\"datePublished\":\"2024-12-11T01:32:02+00:00\",\"dateModified\":\"2026-03-04T00:10:45+00:00\",\"breadcrumb\":{\"@id\":\"https:\/\/agave.impacta.marketing\/producto\/espadin-etiqueta-azul\/#breadcrumb\"},\"inLanguage\":\"en-US\",\"potentialAction\":[{\"@type\":\"ReadAction\",\"target\":[\"https:\/\/agave.impacta.marketing\/producto\/espadin-etiqueta-azul\/\"]}]},{\"@type\":\"ImageObject\",\"inLanguage\":\"en-US\",\"@id\":\"https:\/\/agave.impacta.marketing\/producto\/espadin-etiqueta-azul\/#primaryimage\",\"url\":\"https:\/\/agave.impacta.marketing\/wp-content\/uploads\/2024\/12\/combos2x1Sierpe-04.webp\",\"contentUrl\":\"https:\/\/agave.impacta.marketing\/wp-content\/uploads\/2024\/12\/combos2x1Sierpe-04.webp\",\"width\":512,\"height\":512},{\"@type\":\"BreadcrumbList\",\"@id\":\"https:\/\/agave.impacta.marketing\/producto\/espadin-etiqueta-azul\/#breadcrumb\",\"itemListElement\":[{\"@type\":\"ListItem\",\"position\":1,\"name\":\"Portada\",\"item\":\"https:\/\/agave.impacta.marketing\/\"},{\"@type\":\"ListItem\",\"position\":2,\"name\":\"Tienda\",\"item\":\"https:\/\/agave.impacta.marketing\/tienda\/\"},{\"@type\":\"ListItem\",\"position\":3,\"name\":\"Mezcal Artesanal Sierpe Negra Espad\u00edn, Etiqueta Azul 40%\"}]},{\"@type\":\"WebSite\",\"@id\":\"https:\/\/agave.impacta.marketing\/#website\",\"url\":\"https:\/\/agave.impacta.marketing\/\",\"name\":\"Agave Style\",\"description\":\"\",\"publisher\":{\"@id\":\"https:\/\/agave.impacta.marketing\/#organization\"},\"potentialAction\":[{\"@type\":\"SearchAction\",\"target\":{\"@type\":\"EntryPoint\",\"urlTemplate\":\"https:\/\/agave.impacta.marketing\/?s={search_term_string}\"},\"query-input\":{\"@type\":\"PropertyValueSpecification\",\"valueRequired\":true,\"valueName\":\"search_term_string\"}}],\"inLanguage\":\"en-US\"},{\"@type\":\"Organization\",\"@id\":\"https:\/\/agave.impacta.marketing\/#organization\",\"name\":\"Agave Style\",\"url\":\"https:\/\/agave.impacta.marketing\/\",\"logo\":{\"@type\":\"ImageObject\",\"inLanguage\":\"en-US\",\"@id\":\"https:\/\/agave.impacta.marketing\/#\/schema\/logo\/image\/\",\"url\":\"https:\/\/agave.impacta.marketing\/wp-content\/uploads\/2024\/11\/Grupo-74@2x.png\",\"contentUrl\":\"https:\/\/agave.impacta.marketing\/wp-content\/uploads\/2024\/11\/Grupo-74@2x.png\",\"width\":861,\"height\":540,\"caption\":\"Agave Style\"},\"image\":{\"@id\":\"https:\/\/agave.impacta.marketing\/#\/schema\/logo\/image\/\"},\"sameAs\":[\"https:\/\/www.facebook.com\/styleagave\",\"https:\/\/www.instagram.com\/agavestyle.mx\/?hl=es\"]}]}<\/script>\n<!-- \/ Yoast SEO plugin. -->","yoast_head_json":{"title":"Mezcal Artesanal Sierpe Negra Espad\u00edn, Etiqueta Azul 40% - Agave Style","robots":{"index":"noindex","follow":"follow","max-snippet":"max-snippet:-1","max-image-preview":"max-image-preview:large","max-video-preview":"max-video-preview:-1"},"og_locale":"en_US","og_type":"article","og_title":"Mezcal Artesanal Sierpe Negra Espad\u00edn, Etiqueta Azul 40% - Agave Style","og_description":"Promocion Compra de botella etiqueta azul y premium de Sierpe regalo 2 jicaras + sal de gusano A la Vista &#8211; Cristalino, Brillante con Matices Plateados. Al Olfato Agave Cocido, Hierba fresca con toque de hierbabuena y quelite. Guayaba, Pl\u00e1tano, Lim\u00f3n, Mineralidad Media de piedra caliza. Ahumado Medio- Bajo, Recuerda al Horno con le\u00f1a de [&hellip;]","og_url":"https:\/\/agave.impacta.marketing\/en\/product\/espadin-etiqueta-azul\/","og_site_name":"Agave Style","article_publisher":"https:\/\/www.facebook.com\/styleagave","article_modified_time":"2026-03-04T00:10:45+00:00","og_image":[{"width":512,"height":512,"url":"https:\/\/agave.impacta.marketing\/wp-content\/uploads\/2024\/12\/combos2x1Sierpe-04.webp","type":"image\/webp"}],"twitter_card":"summary_large_image","twitter_misc":{"Est. reading time":"1 minute"},"schema":{"@context":"https:\/\/schema.org","@graph":[{"@type":"WebPage","@id":"https:\/\/agave.impacta.marketing\/producto\/espadin-etiqueta-azul\/","url":"https:\/\/agave.impacta.marketing\/producto\/espadin-etiqueta-azul\/","name":"Mezcal Artesanal Sierpe Negra Espad\u00edn, Etiqueta Azul 40% - Agave Style","isPartOf":{"@id":"https:\/\/agave.impacta.marketing\/#website"},"primaryImageOfPage":{"@id":"https:\/\/agave.impacta.marketing\/producto\/espadin-etiqueta-azul\/#primaryimage"},"image":{"@id":"https:\/\/agave.impacta.marketing\/producto\/espadin-etiqueta-azul\/#primaryimage"},"thumbnailUrl":"https:\/\/agave.impacta.marketing\/wp-content\/uploads\/2024\/12\/combos2x1Sierpe-04.webp","datePublished":"2024-12-11T01:32:02+00:00","dateModified":"2026-03-04T00:10:45+00:00","breadcrumb":{"@id":"https:\/\/agave.impacta.marketing\/producto\/espadin-etiqueta-azul\/#breadcrumb"},"inLanguage":"en-US","potentialAction":[{"@type":"ReadAction","target":["https:\/\/agave.impacta.marketing\/producto\/espadin-etiqueta-azul\/"]}]},{"@type":"ImageObject","inLanguage":"en-US","@id":"https:\/\/agave.impacta.marketing\/producto\/espadin-etiqueta-azul\/#primaryimage","url":"https:\/\/agave.impacta.marketing\/wp-content\/uploads\/2024\/12\/combos2x1Sierpe-04.webp","contentUrl":"https:\/\/agave.impacta.marketing\/wp-content\/uploads\/2024\/12\/combos2x1Sierpe-04.webp","width":512,"height":512},{"@type":"BreadcrumbList","@id":"https:\/\/agave.impacta.marketing\/producto\/espadin-etiqueta-azul\/#breadcrumb","itemListElement":[{"@type":"ListItem","position":1,"name":"Portada","item":"https:\/\/agave.impacta.marketing\/"},{"@type":"ListItem","position":2,"name":"Tienda","item":"https:\/\/agave.impacta.marketing\/tienda\/"},{"@type":"ListItem","position":3,"name":"Mezcal Artesanal Sierpe Negra Espad\u00edn, Etiqueta Azul 40%"}]},{"@type":"WebSite","@id":"https:\/\/agave.impacta.marketing\/#website","url":"https:\/\/agave.impacta.marketing\/","name":"Agave Style","description":"","publisher":{"@id":"https:\/\/agave.impacta.marketing\/#organization"},"potentialAction":[{"@type":"SearchAction","target":{"@type":"EntryPoint","urlTemplate":"https:\/\/agave.impacta.marketing\/?s={search_term_string}"},"query-input":{"@type":"PropertyValueSpecification","valueRequired":true,"valueName":"search_term_string"}}],"inLanguage":"en-US"},{"@type":"Organization","@id":"https:\/\/agave.impacta.marketing\/#organization","name":"Agave Style","url":"https:\/\/agave.impacta.marketing\/","logo":{"@type":"ImageObject","inLanguage":"en-US","@id":"https:\/\/agave.impacta.marketing\/#\/schema\/logo\/image\/","url":"https:\/\/agave.impacta.marketing\/wp-content\/uploads\/2024\/11\/Grupo-74@2x.png","contentUrl":"https:\/\/agave.impacta.marketing\/wp-content\/uploads\/2024\/11\/Grupo-74@2x.png","width":861,"height":540,"caption":"Agave Style"},"image":{"@id":"https:\/\/agave.impacta.marketing\/#\/schema\/logo\/image\/"},"sameAs":["https:\/\/www.facebook.com\/styleagave","https:\/\/www.instagram.com\/agavestyle.mx\/?hl=es"]}]}},"_links":{"self":[{"href":"https:\/\/agave.impacta.marketing\/en\/wp-json\/wp\/v2\/product\/331","targetHints":{"allow":["GET"]}}],"collection":[{"href":"https:\/\/agave.impacta.marketing\/en\/wp-json\/wp\/v2\/product"}],"about":[{"href":"https:\/\/agave.impacta.marketing\/en\/wp-json\/wp\/v2\/types\/product"}],"replies":[{"embeddable":true,"href":"https:\/\/agave.impacta.marketing\/en\/wp-json\/wp\/v2\/comments?post=331"}],"version-history":[{"count":5,"href":"https:\/\/agave.impacta.marketing\/en\/wp-json\/wp\/v2\/product\/331\/revisions"}],"predecessor-version":[{"id":5005,"href":"https:\/\/agave.impacta.marketing\/en\/wp-json\/wp\/v2\/product\/331\/revisions\/5005"}],"wp:featuredmedia":[{"embeddable":true,"href":"https:\/\/agave.impacta.marketing\/en\/wp-json\/wp\/v2\/media\/5559"}],"wp:attachment":[{"href":"https:\/\/agave.impacta.marketing\/en\/wp-json\/wp\/v2\/media?parent=331"}],"wp:term":[{"taxonomy":"product_brand","embeddable":true,"href":"https:\/\/agave.impacta.marketing\/en\/wp-json\/wp\/v2\/product_brand?post=331"},{"taxonomy":"product_cat","embeddable":true,"href":"https:\/\/agave.impacta.marketing\/en\/wp-json\/wp\/v2\/product_cat?post=331"},{"taxonomy":"product_tag","embeddable":true,"href":"https:\/\/agave.impacta.marketing\/en\/wp-json\/wp\/v2\/product_tag?post=331"}],"curies":[{"name":"wp","href":"https:\/\/api.w.org\/{rel}","templated":true}]}}